{"id":535,"date":"2025-03-05T14:52:43","date_gmt":"2025-03-05T13:52:43","guid":{"rendered":"https:\/\/clinicadentalmariocordobes.es\/?page_id=535"},"modified":"2025-03-05T14:52:43","modified_gmt":"2025-03-05T13:52:43","slug":"politica-de-cookies","status":"publish","type":"page","link":"https:\/\/clinicadentalmariocordobes.es\/en\/politica-de-cookies\/","title":{"rendered":"Cookies Policy"},"content":{"rendered":"<p data-pm-slice=\"1 1 []\">This website uses cookies to enhance the user experience. Below, we detail what cookies are, what types of cookies this website uses and how they can be managed by the user.<\/p>\n<p><strong>1. What are cookies?<\/strong>\u00a0Cookies are small text files that are stored on the user's device when visiting a website. Their function is to improve the user's experience, remember preferences and provide information to the website owner about how the website is used.<\/p>\n<p><strong>2. Types of cookies used<\/strong>\u00a0This website uses the following types of cookies:<\/p>\n<ul data-spread=\"false\">\n<li><strong>Technical cookies:<\/strong>\u00a0Necessary for the proper functioning of the website.<\/li>\n<li><strong>Analytics cookies:<\/strong>\u00a0They allow to analyze the behavior of users on the web and improve their experience.<\/li>\n<li><strong>Third-party cookies:<\/strong>\u00a0They can be used by external services integrated in the web.<\/li>\n<\/ul>\n<p><strong>3. Cookie management<\/strong>\u00a0You can configure your browser to accept, reject or delete cookies at any time. For more information on how to manage cookies in your browser, please refer to your browser's documentation.<\/p>\n<p>If the user continues browsing this website, it will be considered that he\/she accepts the use of cookies according to this policy.<\/p>","protected":false},"excerpt":{"rendered":"<p>Este sitio web utiliza cookies para mejorar la experiencia del usuario. A continuaci\u00f3n, se detallan qu\u00e9 son las cookies, qu\u00e9 [&hellip;]<\/p>","protected":false},"author":1,"featured_media":0,"parent":0,"menu_order":0,"comment_status":"closed","ping_status":"closed","template":"","meta":{"_uag_custom_page_level_css":"","site-sidebar-layout":"default","site-content-layout":"","ast-site-content-layout":"default","site-content-style":"default","site-sidebar-style":"default","ast-global-header-display":"","ast-banner-title-visibility":"","ast-main-header-display":"","ast-hfb-above-header-display":"","ast-hfb-below-header-display":"","ast-hfb-mobile-header-display":"","site-post-title":"","ast-breadcrumbs-content":"","ast-featured-img":"","footer-sml-layout":"","theme-transparent-header-meta":"default","adv-header-id-meta":"","stick-header-meta":"","header-above-stick-meta":"","header-main-stick-meta":"","header-below-stick-meta":"","astra-migrate-meta-layouts":"set","ast-page-background-enabled":"default","ast-page-background-meta":{"desktop":{"background-color":"var(--ast-global-color-4)","background-image":"","background-repeat":"repeat","background-position":"center center","background-size":"auto","background-attachment":"scroll","background-type":"","background-media":"","overlay-type":"","overlay-color":"","overlay-opacity":"","overlay-gradient":""},"tablet":{"background-color":"","background-image":"","background-repeat":"repeat","background-position":"center center","background-size":"auto","background-attachment":"scroll","background-type":"","background-media":"","overlay-type":"","overlay-color":"","overlay-opacity":"","overlay-gradient":""},"mobile":{"background-color":"","background-image":"","background-repeat":"repeat","background-position":"center center","background-size":"auto","background-attachment":"scroll","background-type":"","background-media":"","overlay-type":"","overlay-color":"","overlay-opacity":"","overlay-gradient":""}},"ast-content-background-meta":{"desktop":{"background-color":"var(--ast-global-color-5)","background-image":"","background-repeat":"repeat","background-position":"center center","background-size":"auto","background-attachment":"scroll","background-type":"","background-media":"","overlay-type":"","overlay-color":"","overlay-opacity":"","overlay-gradient":""},"tablet":{"background-color":"var(--ast-global-color-5)","background-image":"","background-repeat":"repeat","background-position":"center center","background-size":"auto","background-attachment":"scroll","background-type":"","background-media":"","overlay-type":"","overlay-color":"","overlay-opacity":"","overlay-gradient":""},"mobile":{"background-color":"var(--ast-global-color-5)","background-image":"","background-repeat":"repeat","background-position":"center center","background-size":"auto","background-attachment":"scroll","background-type":"","background-media":"","overlay-type":"","overlay-color":"","overlay-opacity":"","overlay-gradient":""}},"footnotes":""},"class_list":["post-535","page","type-page","status-publish","hentry"],"yoast_head":"<!-- This site is optimized with the Yoast SEO plugin v25.0 - https:\/\/yoast.com\/wordpress\/plugins\/seo\/ -->\n<title>Pol\u00edtica de Cookies -<\/title>\n<meta name=\"robots\" content=\"index, follow, max-snippet:-1, max-image-preview:large, max-video-preview:-1\" \/>\n<link rel=\"canonical\" href=\"https:\/\/clinicadentalmariocordobes.es\/en\/politica-de-cookies\/\" \/>\n<meta property=\"og:locale\" content=\"en_US\" \/>\n<meta property=\"og:type\" content=\"article\" \/>\n<meta property=\"og:title\" content=\"Pol\u00edtica de Cookies -\" \/>\n<meta property=\"og:description\" content=\"Este sitio web utiliza cookies para mejorar la experiencia del usuario. A continuaci\u00f3n, se detallan qu\u00e9 son las cookies, qu\u00e9 [&hellip;]\" \/>\n<meta property=\"og:url\" content=\"https:\/\/clinicadentalmariocordobes.es\/en\/politica-de-cookies\/\" \/>\n<meta name=\"twitter:card\" content=\"summary_large_image\" \/>\n<meta name=\"twitter:label1\" content=\"Est. reading time\" \/>\n\t<meta name=\"twitter:data1\" content=\"1 minute\" \/>\n<script type=\"application\/ld+json\" class=\"yoast-schema-graph\">{\"@context\":\"https:\/\/schema.org\",\"@graph\":[{\"@type\":\"WebPage\",\"@id\":\"https:\/\/clinicadentalmariocordobes.es\/politica-de-cookies\/\",\"url\":\"https:\/\/clinicadentalmariocordobes.es\/politica-de-cookies\/\",\"name\":\"Pol\u00edtica de Cookies -\",\"isPartOf\":{\"@id\":\"https:\/\/clinicadentalmariocordobes.es\/#website\"},\"datePublished\":\"2025-03-05T13:52:43+00:00\",\"breadcrumb\":{\"@id\":\"https:\/\/clinicadentalmariocordobes.es\/politica-de-cookies\/#breadcrumb\"},\"inLanguage\":\"en-US\",\"potentialAction\":[{\"@type\":\"ReadAction\",\"target\":[\"https:\/\/clinicadentalmariocordobes.es\/politica-de-cookies\/\"]}]},{\"@type\":\"BreadcrumbList\",\"@id\":\"https:\/\/clinicadentalmariocordobes.es\/politica-de-cookies\/#breadcrumb\",\"itemListElement\":[{\"@type\":\"ListItem\",\"position\":1,\"name\":\"Portada\",\"item\":\"https:\/\/clinicadentalmariocordobes.es\/\"},{\"@type\":\"ListItem\",\"position\":2,\"name\":\"Pol\u00edtica de Cookies\"}]},{\"@type\":\"WebSite\",\"@id\":\"https:\/\/clinicadentalmariocordobes.es\/#website\",\"url\":\"https:\/\/clinicadentalmariocordobes.es\/\",\"name\":\"\",\"description\":\"\",\"potentialAction\":[{\"@type\":\"SearchAction\",\"target\":{\"@type\":\"EntryPoint\",\"urlTemplate\":\"https:\/\/clinicadentalmariocordobes.es\/?s={search_term_string}\"},\"query-input\":{\"@type\":\"PropertyValueSpecification\",\"valueRequired\":true,\"valueName\":\"search_term_string\"}}],\"inLanguage\":\"en-US\"}]}<\/script>\n<!-- \/ Yoast SEO plugin. -->","yoast_head_json":{"title":"Pol\u00edtica de Cookies -","robots":{"index":"index","follow":"follow","max-snippet":"max-snippet:-1","max-image-preview":"max-image-preview:large","max-video-preview":"max-video-preview:-1"},"canonical":"https:\/\/clinicadentalmariocordobes.es\/en\/politica-de-cookies\/","og_locale":"en_US","og_type":"article","og_title":"Pol\u00edtica de Cookies -","og_description":"Este sitio web utiliza cookies para mejorar la experiencia del usuario. A continuaci\u00f3n, se detallan qu\u00e9 son las cookies, qu\u00e9 [&hellip;]","og_url":"https:\/\/clinicadentalmariocordobes.es\/en\/politica-de-cookies\/","twitter_card":"summary_large_image","twitter_misc":{"Est. reading time":"1 minute"},"schema":{"@context":"https:\/\/schema.org","@graph":[{"@type":"WebPage","@id":"https:\/\/clinicadentalmariocordobes.es\/politica-de-cookies\/","url":"https:\/\/clinicadentalmariocordobes.es\/politica-de-cookies\/","name":"Pol\u00edtica de Cookies -","isPartOf":{"@id":"https:\/\/clinicadentalmariocordobes.es\/#website"},"datePublished":"2025-03-05T13:52:43+00:00","breadcrumb":{"@id":"https:\/\/clinicadentalmariocordobes.es\/politica-de-cookies\/#breadcrumb"},"inLanguage":"en-US","potentialAction":[{"@type":"ReadAction","target":["https:\/\/clinicadentalmariocordobes.es\/politica-de-cookies\/"]}]},{"@type":"BreadcrumbList","@id":"https:\/\/clinicadentalmariocordobes.es\/politica-de-cookies\/#breadcrumb","itemListElement":[{"@type":"ListItem","position":1,"name":"Portada","item":"https:\/\/clinicadentalmariocordobes.es\/"},{"@type":"ListItem","position":2,"name":"Pol\u00edtica de Cookies"}]},{"@type":"WebSite","@id":"https:\/\/clinicadentalmariocordobes.es\/#website","url":"https:\/\/clinicadentalmariocordobes.es\/","name":"","description":"","potentialAction":[{"@type":"SearchAction","target":{"@type":"EntryPoint","urlTemplate":"https:\/\/clinicadentalmariocordobes.es\/?s={search_term_string}"},"query-input":{"@type":"PropertyValueSpecification","valueRequired":true,"valueName":"search_term_string"}}],"inLanguage":"en-US"}]}},"uagb_featured_image_src":{"full":false,"thumbnail":false,"medium":false,"medium_large":false,"large":false,"1536x1536":false,"2048x2048":false,"trp-custom-language-flag":false},"uagb_author_info":{"display_name":"Mario Cordob\u00e9s Fern\u00e1ndez, 48377562Y","author_link":"https:\/\/clinicadentalmariocordobes.es\/en\/author\/clinicadentalmariocordobes\/"},"uagb_comment_info":0,"uagb_excerpt":"Este sitio web utiliza cookies para mejorar la experiencia del usuario. A continuaci\u00f3n, se detallan qu\u00e9 son las cookies, qu\u00e9 [&hellip;]","_links":{"self":[{"href":"https:\/\/clinicadentalmariocordobes.es\/en\/wp-json\/wp\/v2\/pages\/535","targetHints":{"allow":["GET"]}}],"collection":[{"href":"https:\/\/clinicadentalmariocordobes.es\/en\/wp-json\/wp\/v2\/pages"}],"about":[{"href":"https:\/\/clinicadentalmariocordobes.es\/en\/wp-json\/wp\/v2\/types\/page"}],"author":[{"embeddable":true,"href":"https:\/\/clinicadentalmariocordobes.es\/en\/wp-json\/wp\/v2\/users\/1"}],"replies":[{"embeddable":true,"href":"https:\/\/clinicadentalmariocordobes.es\/en\/wp-json\/wp\/v2\/comments?post=535"}],"version-history":[{"count":1,"href":"https:\/\/clinicadentalmariocordobes.es\/en\/wp-json\/wp\/v2\/pages\/535\/revisions"}],"predecessor-version":[{"id":536,"href":"https:\/\/clinicadentalmariocordobes.es\/en\/wp-json\/wp\/v2\/pages\/535\/revisions\/536"}],"wp:attachment":[{"href":"https:\/\/clinicadentalmariocordobes.es\/en\/wp-json\/wp\/v2\/media?parent=535"}],"curies":[{"name":"wp","href":"https:\/\/api.w.org\/{rel}","templated":true}]}}