{"id":294,"date":"2025-03-05T16:33:33","date_gmt":"2025-03-05T15:33:33","guid":{"rendered":"https:\/\/clinicadentalmariocordobes.es\/services\/"},"modified":"2025-03-11T09:27:47","modified_gmt":"2025-03-11T08:27:47","slug":"servicios","status":"publish","type":"page","link":"https:\/\/clinicadentalmariocordobes.es\/en\/servicios\/","title":{"rendered":"Services"},"content":{"rendered":"<div class=\"wp-block-uagb-container uagb-block-1e5d1737 alignfull uagb-is-root-container\"><div class=\"uagb-container-inner-blocks-wrap\">\n<div class=\"wp-block-uagb-advanced-heading uagb-block-fefbb553\"><p class=\"uagb-desc-text\">Our Services<\/p><h1 class=\"uagb-heading-text\">We take care of your smile with professionalism<\/h1><\/div>\n<\/div><\/div>\n\n\n\n<div class=\"wp-block-uagb-container uagb-block-4062d932 alignfull uagb-is-root-container\"><div class=\"uagb-container-inner-blocks-wrap\">\n<div class=\"wp-block-uagb-container uagb-block-188bf86b\"><\/div>\n\n\n\n<div class=\"wp-block-uagb-container uagb-block-58485396\">\n<div class=\"wp-block-uagb-info-box uagb-block-3ff6f0b3 uagb-infobox__content-wrap  uagb-infobox-icon-above-title uagb-infobox-image-valign-top\"><div class=\"uagb-ifb-content\"><div class=\"uagb-ifb-title-wrap\"><p class=\"uagb-ifb-title-prefix\">01<\/p><h2 class=\"uagb-ifb-title\">General Dentistry<\/h2><\/div><p class=\"uagb-ifb-desc\">In our clinic, general dentistry includes check-ups, cleanings and preventive treatments, ensuring the oral health of each patient in a comfortable and safe environment.<\/p><\/div><\/div>\n<\/div>\n<\/div><\/div>\n\n\n\n<div class=\"wp-block-uagb-container uagb-block-05e5b2eb alignfull uagb-is-root-container\"><div class=\"uagb-container-inner-blocks-wrap\">\n<div class=\"wp-block-uagb-container uagb-block-755ea4d6\">\n<div class=\"wp-block-uagb-info-box uagb-block-bcb052f7 uagb-infobox__content-wrap  uagb-infobox-icon-above-title uagb-infobox-image-valign-top\"><div class=\"uagb-ifb-content\"><div class=\"uagb-ifb-title-wrap\"><p class=\"uagb-ifb-title-prefix\">02<\/p><h2 class=\"uagb-ifb-title\">Endodontics<\/h2><\/div><p class=\"uagb-ifb-desc\">Our endodontics, or root canal treatment, is designed to eliminate the infection and preserve the affected tooth, using advanced techniques and anesthesia to ensure your comfort.<\/p><\/div><\/div>\n<\/div>\n\n\n\n<div class=\"wp-block-uagb-container uagb-block-948e30c7\"><\/div>\n<\/div><\/div>\n\n\n\n<div class=\"wp-block-uagb-container uagb-block-427e3d80 alignfull uagb-is-root-container\"><div class=\"uagb-container-inner-blocks-wrap\">\n<div class=\"wp-block-uagb-container uagb-block-c3a1ca4e\"><\/div>\n\n\n\n<div class=\"wp-block-uagb-container uagb-block-05200bfc\">\n<div class=\"wp-block-uagb-info-box uagb-block-3050a6aa uagb-infobox__content-wrap  uagb-infobox-icon-above-title uagb-infobox-image-valign-top\"><div class=\"uagb-ifb-content\"><div class=\"uagb-ifb-title-wrap\"><p class=\"uagb-ifb-title-prefix\">03<\/p><h2 class=\"uagb-ifb-title\">Orthodontics<\/h2><\/div><p class=\"uagb-ifb-desc\">We offer customized orthodontic treatments, including braces and invisible aligners, to correct dental alignment problems and improve your dental function and esthetics.<\/p><\/div><\/div>\n<\/div>\n<\/div><\/div>\n\n\n\n<div class=\"wp-block-uagb-container uagb-block-fed8d4c1 alignfull uagb-is-root-container\"><div class=\"uagb-container-inner-blocks-wrap\">\n<div class=\"wp-block-uagb-container uagb-block-994dc640\">\n<div class=\"wp-block-uagb-info-box uagb-block-f1c692a0 uagb-infobox__content-wrap  uagb-infobox-icon-above-title uagb-infobox-image-valign-top\"><div class=\"uagb-ifb-content\"><div class=\"uagb-ifb-title-wrap\"><p class=\"uagb-ifb-title-prefix\">04<\/p><h2 class=\"uagb-ifb-title\">Implantology<\/h2><\/div><p class=\"uagb-ifb-desc\">Our dental implants are permanent solutions that replace missing teeth, restoring functionality and esthetics, with a focus on quality and patient safety.<\/p><\/div><\/div>\n<\/div>\n\n\n\n<div class=\"wp-block-uagb-container uagb-block-1a028749\"><\/div>\n<\/div><\/div>\n\n\n\n<div class=\"wp-block-uagb-container uagb-block-308bd0f9 alignfull uagb-is-root-container\"><div class=\"uagb-container-inner-blocks-wrap\">\n<div class=\"wp-block-uagb-container uagb-block-7f4eb6d1\"><\/div>\n\n\n\n<div class=\"wp-block-uagb-container uagb-block-a524e85f\">\n<div class=\"wp-block-uagb-info-box uagb-block-dd6d42ac uagb-infobox__content-wrap  uagb-infobox-icon-above-title uagb-infobox-image-valign-top\"><div class=\"uagb-ifb-content\"><div class=\"uagb-ifb-title-wrap\"><p class=\"uagb-ifb-title-prefix\">05<\/p><h2 class=\"uagb-ifb-title\">Prosthodontics<\/h2><\/div><p class=\"uagb-ifb-desc\">We take care of the restoration and replacement of missing teeth with fixed or removable prostheses.<\/p><\/div><\/div>\n<\/div>\n<\/div><\/div>\n\n\n\n<div class=\"wp-block-uagb-container uagb-block-06d35505 alignfull uagb-is-root-container\"><div class=\"uagb-container-inner-blocks-wrap\">\n<div class=\"wp-block-uagb-container uagb-block-fbeeb24e\">\n<div class=\"wp-block-uagb-info-box uagb-block-8db359d2 uagb-infobox__content-wrap  uagb-infobox-icon-above-title uagb-infobox-image-valign-top\"><div class=\"uagb-ifb-content\"><div class=\"uagb-ifb-title-wrap\"><p class=\"uagb-ifb-title-prefix\">06<\/p><h2 class=\"uagb-ifb-title\">Dental esthetics<\/h2><\/div><p class=\"uagb-ifb-desc\">We seek to harmonize the color, shape and alignment of the teeth to achieve a natural and balanced result, always adapted to the needs of each patient.<\/p><\/div><\/div>\n<\/div>\n\n\n\n<div class=\"wp-block-uagb-container uagb-block-6b149cdf\"><\/div>\n<\/div><\/div>","protected":false},"excerpt":{"rendered":"<p>Nuestros Servicios Cuidamos tu sonrisa con profesionalidad<\/p>","protected":false},"author":1,"featured_media":0,"parent":0,"menu_order":0,"comment_status":"closed","ping_status":"closed","template":"","meta":{"_uag_custom_page_level_css":"","site-sidebar-layout":"default","site-content-layout":"","ast-site-content-layout":"","site-content-style":"default","site-sidebar-style":"default","ast-global-header-display":"","ast-banner-title-visibility":"","ast-main-header-display":"","ast-hfb-above-header-display":"","ast-hfb-below-header-display":"","ast-hfb-mobile-header-display":"","site-post-title":"disabled","ast-breadcrumbs-content":"","ast-featured-img":"","footer-sml-layout":"","theme-transparent-header-meta":"","adv-header-id-meta":"","stick-header-meta":"","header-above-stick-meta":"","header-main-stick-meta":"","header-below-stick-meta":"","astra-migrate-meta-layouts":"default","ast-page-background-enabled":"default","ast-page-background-meta":{"desktop":{"background-color":"var(--ast-global-color-4)","background-image":"","background-repeat":"repeat","background-position":"center center","background-size":"auto","background-attachment":"scroll","background-type":"","background-media":"","overlay-type":"","overlay-color":"","overlay-opacity":"","overlay-gradient":""},"tablet":{"background-color":"","background-image":"","background-repeat":"repeat","background-position":"center center","background-size":"auto","background-attachment":"scroll","background-type":"","background-media":"","overlay-type":"","overlay-color":"","overlay-opacity":"","overlay-gradient":""},"mobile":{"background-color":"","background-image":"","background-repeat":"repeat","background-position":"center center","background-size":"auto","background-attachment":"scroll","background-type":"","background-media":"","overlay-type":"","overlay-color":"","overlay-opacity":"","overlay-gradient":""}},"ast-content-background-meta":{"desktop":{"background-color":"var(--ast-global-color-5)","background-image":"","background-repeat":"repeat","background-position":"center center","background-size":"auto","background-attachment":"scroll","background-type":"","background-media":"","overlay-type":"","overlay-color":"","overlay-opacity":"","overlay-gradient":""},"tablet":{"background-color":"var(--ast-global-color-5)","background-image":"","background-repeat":"repeat","background-position":"center center","background-size":"auto","background-attachment":"scroll","background-type":"","background-media":"","overlay-type":"","overlay-color":"","overlay-opacity":"","overlay-gradient":""},"mobile":{"background-color":"var(--ast-global-color-5)","background-image":"","background-repeat":"repeat","background-position":"center center","background-size":"auto","background-attachment":"scroll","background-type":"","background-media":"","overlay-type":"","overlay-color":"","overlay-opacity":"","overlay-gradient":""}},"footnotes":""},"class_list":["post-294","page","type-page","status-publish","hentry"],"yoast_head":"<!-- This site is optimized with the Yoast SEO plugin v25.0 - https:\/\/yoast.com\/wordpress\/plugins\/seo\/ -->\n<title>Servicios -<\/title>\n<meta name=\"description\" content=\"Descubre nuestros servicios dentales: odontolog\u00eda general, ortodoncia, endodoncia, implantolog\u00eda, prostodoncia y est\u00e9tica dental.\" \/>\n<meta name=\"robots\" content=\"index, follow, max-snippet:-1, max-image-preview:large, max-video-preview:-1\" \/>\n<link rel=\"canonical\" href=\"https:\/\/clinicadentalmariocordobes.es\/en\/servicios\/\" \/>\n<meta property=\"og:locale\" content=\"en_US\" \/>\n<meta property=\"og:type\" content=\"article\" \/>\n<meta property=\"og:title\" content=\"Servicios -\" \/>\n<meta property=\"og:description\" content=\"Descubre nuestros servicios dentales: odontolog\u00eda general, ortodoncia, endodoncia, implantolog\u00eda, prostodoncia y est\u00e9tica dental.\" \/>\n<meta property=\"og:url\" content=\"https:\/\/clinicadentalmariocordobes.es\/en\/servicios\/\" \/>\n<meta property=\"article:modified_time\" content=\"2025-03-11T08:27:47+00:00\" \/>\n<meta name=\"twitter:card\" content=\"summary_large_image\" \/>\n<meta name=\"twitter:label1\" content=\"Est. reading time\" \/>\n\t<meta name=\"twitter:data1\" content=\"2 minutes\" \/>\n<script type=\"application\/ld+json\" class=\"yoast-schema-graph\">{\"@context\":\"https:\/\/schema.org\",\"@graph\":[{\"@type\":\"WebPage\",\"@id\":\"https:\/\/clinicadentalmariocordobes.es\/servicios\/\",\"url\":\"https:\/\/clinicadentalmariocordobes.es\/servicios\/\",\"name\":\"Servicios -\",\"isPartOf\":{\"@id\":\"https:\/\/clinicadentalmariocordobes.es\/#website\"},\"datePublished\":\"2025-03-05T15:33:33+00:00\",\"dateModified\":\"2025-03-11T08:27:47+00:00\",\"description\":\"Descubre nuestros servicios dentales: odontolog\u00eda general, ortodoncia, endodoncia, implantolog\u00eda, prostodoncia y est\u00e9tica dental.\",\"breadcrumb\":{\"@id\":\"https:\/\/clinicadentalmariocordobes.es\/servicios\/#breadcrumb\"},\"inLanguage\":\"en-US\",\"potentialAction\":[{\"@type\":\"ReadAction\",\"target\":[\"https:\/\/clinicadentalmariocordobes.es\/servicios\/\"]}]},{\"@type\":\"BreadcrumbList\",\"@id\":\"https:\/\/clinicadentalmariocordobes.es\/servicios\/#breadcrumb\",\"itemListElement\":[{\"@type\":\"ListItem\",\"position\":1,\"name\":\"Portada\",\"item\":\"https:\/\/clinicadentalmariocordobes.es\/\"},{\"@type\":\"ListItem\",\"position\":2,\"name\":\"Servicios\"}]},{\"@type\":\"WebSite\",\"@id\":\"https:\/\/clinicadentalmariocordobes.es\/#website\",\"url\":\"https:\/\/clinicadentalmariocordobes.es\/\",\"name\":\"\",\"description\":\"\",\"potentialAction\":[{\"@type\":\"SearchAction\",\"target\":{\"@type\":\"EntryPoint\",\"urlTemplate\":\"https:\/\/clinicadentalmariocordobes.es\/?s={search_term_string}\"},\"query-input\":{\"@type\":\"PropertyValueSpecification\",\"valueRequired\":true,\"valueName\":\"search_term_string\"}}],\"inLanguage\":\"en-US\"}]}<\/script>\n<!-- \/ Yoast SEO plugin. -->","yoast_head_json":{"title":"Servicios -","description":"Descubre nuestros servicios dentales: odontolog\u00eda general, ortodoncia, endodoncia, implantolog\u00eda, prostodoncia y est\u00e9tica dental.","robots":{"index":"index","follow":"follow","max-snippet":"max-snippet:-1","max-image-preview":"max-image-preview:large","max-video-preview":"max-video-preview:-1"},"canonical":"https:\/\/clinicadentalmariocordobes.es\/en\/servicios\/","og_locale":"en_US","og_type":"article","og_title":"Servicios -","og_description":"Descubre nuestros servicios dentales: odontolog\u00eda general, ortodoncia, endodoncia, implantolog\u00eda, prostodoncia y est\u00e9tica dental.","og_url":"https:\/\/clinicadentalmariocordobes.es\/en\/servicios\/","article_modified_time":"2025-03-11T08:27:47+00:00","twitter_card":"summary_large_image","twitter_misc":{"Est. reading time":"2 minutes"},"schema":{"@context":"https:\/\/schema.org","@graph":[{"@type":"WebPage","@id":"https:\/\/clinicadentalmariocordobes.es\/servicios\/","url":"https:\/\/clinicadentalmariocordobes.es\/servicios\/","name":"Servicios -","isPartOf":{"@id":"https:\/\/clinicadentalmariocordobes.es\/#website"},"datePublished":"2025-03-05T15:33:33+00:00","dateModified":"2025-03-11T08:27:47+00:00","description":"Descubre nuestros servicios dentales: odontolog\u00eda general, ortodoncia, endodoncia, implantolog\u00eda, prostodoncia y est\u00e9tica dental.","breadcrumb":{"@id":"https:\/\/clinicadentalmariocordobes.es\/servicios\/#breadcrumb"},"inLanguage":"en-US","potentialAction":[{"@type":"ReadAction","target":["https:\/\/clinicadentalmariocordobes.es\/servicios\/"]}]},{"@type":"BreadcrumbList","@id":"https:\/\/clinicadentalmariocordobes.es\/servicios\/#breadcrumb","itemListElement":[{"@type":"ListItem","position":1,"name":"Portada","item":"https:\/\/clinicadentalmariocordobes.es\/"},{"@type":"ListItem","position":2,"name":"Servicios"}]},{"@type":"WebSite","@id":"https:\/\/clinicadentalmariocordobes.es\/#website","url":"https:\/\/clinicadentalmariocordobes.es\/","name":"","description":"","potentialAction":[{"@type":"SearchAction","target":{"@type":"EntryPoint","urlTemplate":"https:\/\/clinicadentalmariocordobes.es\/?s={search_term_string}"},"query-input":{"@type":"PropertyValueSpecification","valueRequired":true,"valueName":"search_term_string"}}],"inLanguage":"en-US"}]}},"uagb_featured_image_src":{"full":false,"thumbnail":false,"medium":false,"medium_large":false,"large":false,"1536x1536":false,"2048x2048":false,"trp-custom-language-flag":false},"uagb_author_info":{"display_name":"Mario Cordob\u00e9s Fern\u00e1ndez, 48377562Y","author_link":"https:\/\/clinicadentalmariocordobes.es\/en\/author\/clinicadentalmariocordobes\/"},"uagb_comment_info":0,"uagb_excerpt":"Nuestros Servicios Cuidamos tu sonrisa con profesionalidad","_links":{"self":[{"href":"https:\/\/clinicadentalmariocordobes.es\/en\/wp-json\/wp\/v2\/pages\/294","targetHints":{"allow":["GET"]}}],"collection":[{"href":"https:\/\/clinicadentalmariocordobes.es\/en\/wp-json\/wp\/v2\/pages"}],"about":[{"href":"https:\/\/clinicadentalmariocordobes.es\/en\/wp-json\/wp\/v2\/types\/page"}],"author":[{"embeddable":true,"href":"https:\/\/clinicadentalmariocordobes.es\/en\/wp-json\/wp\/v2\/users\/1"}],"replies":[{"embeddable":true,"href":"https:\/\/clinicadentalmariocordobes.es\/en\/wp-json\/wp\/v2\/comments?post=294"}],"version-history":[{"count":6,"href":"https:\/\/clinicadentalmariocordobes.es\/en\/wp-json\/wp\/v2\/pages\/294\/revisions"}],"predecessor-version":[{"id":1261,"href":"https:\/\/clinicadentalmariocordobes.es\/en\/wp-json\/wp\/v2\/pages\/294\/revisions\/1261"}],"wp:attachment":[{"href":"https:\/\/clinicadentalmariocordobes.es\/en\/wp-json\/wp\/v2\/media?parent=294"}],"curies":[{"name":"wp","href":"https:\/\/api.w.org\/{rel}","templated":true}]}}